{"id":11,"date":"2018-11-20T19:42:34","date_gmt":"2018-11-20T19:42:34","guid":{"rendered":"http:\/\/resurs.lv\/lv\/?page_id=11"},"modified":"2019-03-18T17:57:09","modified_gmt":"2019-03-18T17:57:09","slug":"galvena","status":"publish","type":"page","link":"https:\/\/resurs.lv\/lv\/","title":{"rendered":"Galven\u0101"},"content":{"rendered":"\t\t<div class=\"elementor elementor-11\">\n\t\t\t<div class=\"elementor-inner\">\n\t\t\t\t<div class=\"elementor-section-wrap\">\n\t\t\t\t\t\t\t<section data-id=\"74490f3\" class=\"elementor-element elementor-element-74490f3 elementor-section-full_width elementor-section-height-min-height elementor-section-height-default elementor-section-items-middle elementor-section elementor-top-section\" data-element_type=\"section\">\n\t\t\t\t\t\t<div class=\"elementor-container elementor-column-gap-no\">\n\t\t\t\t<div class=\"elementor-row\">\n\t\t\t\t<div data-id=\"1bfa495\" class=\"elementor-element elementor-element-1bfa495 elementor-column elementor-col-100 elementor-top-column\" data-element_type=\"column\">\n\t\t\t<div class=\"elementor-column-wrap elementor-element-populated\">\n\t\t\t\t\t<div class=\"elementor-widget-wrap\">\n\t\t\t\t<div data-id=\"c3359f3\" class=\"elementor-element elementor-element-c3359f3 elementor-widget elementor-widget-smartslider\" data-element_type=\"smartslider.default\">\n\t\t\t\t<div class=\"elementor-widget-container\">\n\t\t\t\t\t<\/div>\n\t\t\t\t<\/div>\n\t\t\t\t\t\t<\/div>\n\t\t\t<\/div>\n\t\t<\/div>\n\t\t\t\t\t\t<\/div>\n\t\t\t<\/div>\n\t\t<\/section>\n\t\t\t\t<section data-id=\"5befc7a\" class=\"elementor-element elementor-element-5befc7a elementor-section-height-min-height elementor-section-items-stretch elementor-section-content-middle elementor-section-boxed elementor-section-height-default elementor-section elementor-top-section\" data-element_type=\"section\">\n\t\t\t\t\t\t<div class=\"elementor-container elementor-column-gap-default\">\n\t\t\t\t<div class=\"elementor-row\">\n\t\t\t\t<div data-id=\"8baee88\" class=\"elementor-element elementor-element-8baee88 elementor-column elementor-col-33 elementor-top-column\" data-element_type=\"column\">\n\t\t\t<div class=\"elementor-column-wrap elementor-element-populated\">\n\t\t\t\t\t<div class=\"elementor-widget-wrap\">\n\t\t\t\t<div data-id=\"fbda0da\" class=\"elementor-element elementor-element-fbda0da obfx-position-top elementor-widget elementor-widget-obfx-services\" data-element_type=\"obfx-services.default\">\n\t\t\t\t<div class=\"elementor-widget-container\">\n\t\t\t<div class=\"obfx-grid\"><div class=\"obfx-grid-container obfx-grid-mobile-1 obfx-grid-tablet-2 obfx-grid-desktop-1\">\t\t\t<div class=\"obfx-grid-wrapper\">\n\t\t\t\t<a href=\"http:\/\/resurs.lv\/lv\/turus-pluss\/\" >\t\t\t\t<div class=\"obfx-service-box obfx-grid-col\">\n\t\t\t\t\t\t\t\t\t\t\t<span class=\"obfx-icon-wrap\"><i class=\"obfx-icon eci font879195717-captainicon-20\" style=\"color: #ffffff\"><\/i><\/span>\n\t\t\t\t\t\t\t\t\t\t\t\t<div class=\"obfx-service-box-content\">\n\t\t\t\t\t\t\t\t\t\t\t\t\t\t\t<h4 class=\"obfx-service-title\">TURUS Plus<\/h4>\n\t\t\t\t\t\t\t\t\t\t\t\t\t\t\t\t<p class=\"obfx-service-text\">Neirokorekcija TURUS PLUS ir pr\u0101ta un \u0137erme\u0146a treni\u0146\u0161. Uzlabo uzman\u012bbu, gribu, elast\u012bgumu, veikl\u012bbu, efektivit\u0101ti un daudz ko citu.<\/p>\n\t\t\t\t\t\t\t\t\t\t\t\t\t<\/div><!-- \/.obfx-service-box-content -->\n\t\t\t\t\t\t\t\t\t<\/div><!-- \/.obfx-service-box -->\n\t\t\t\t<\/a>\t\t\t<\/div><!-- \/.obfx-grid-wrapper -->\n\t\t\t<\/div><\/div>\t\t<\/div>\n\t\t\t\t<\/div>\n\t\t\t\t\t\t<\/div>\n\t\t\t<\/div>\n\t\t<\/div>\n\t\t\t\t<div data-id=\"3ef2b0e\" class=\"elementor-element elementor-element-3ef2b0e elementor-column elementor-col-33 elementor-top-column\" data-element_type=\"column\">\n\t\t\t<div class=\"elementor-column-wrap elementor-element-populated\">\n\t\t\t\t\t<div class=\"elementor-widget-wrap\">\n\t\t\t\t<div data-id=\"e0ea1aa\" class=\"elementor-element elementor-element-e0ea1aa obfx-position-top elementor-widget elementor-widget-obfx-services\" data-element_type=\"obfx-services.default\">\n\t\t\t\t<div class=\"elementor-widget-container\">\n\t\t\t<div class=\"obfx-grid\"><div class=\"obfx-grid-container obfx-grid-mobile-1 obfx-grid-tablet-2 obfx-grid-desktop-1\">\t\t\t<div class=\"obfx-grid-wrapper\">\n\t\t\t\t<a href=\"http:\/\/resurs.lv\/lv\/vasaras-nometnes\/\" >\t\t\t\t<div class=\"obfx-service-box obfx-grid-col\">\n\t\t\t\t\t\t\t\t\t\t\t<span class=\"obfx-icon-wrap\"><i class=\"obfx-icon eci font879195717-captainicon-113\" style=\"color: #ffffff\"><\/i><\/span>\n\t\t\t\t\t\t\t\t\t\t\t\t<div class=\"obfx-service-box-content\">\n\t\t\t\t\t\t\t\t\t\t\t\t\t\t\t<h4 class=\"obfx-service-title\">B\u0113rnu nometnes<\/h4>\n\t\t\t\t\t\t\t\t\t\t\t\t\t\t\t\t<p class=\"obfx-service-text\">Daudzi no jums zina, k\u0101 m\u0113s to dar\u0101m un katru vasaru (un ne tikai) augam kop\u0101 ar mums, k\u013c\u016bstot p\u0101rliecin\u0101t\u0101ki un neatkar\u012bg\u0101ki!<\/p>\n\t\t\t\t\t\t\t\t\t\t\t\t\t<\/div><!-- \/.obfx-service-box-content -->\n\t\t\t\t\t\t\t\t\t<\/div><!-- \/.obfx-service-box -->\n\t\t\t\t<\/a>\t\t\t<\/div><!-- \/.obfx-grid-wrapper -->\n\t\t\t<\/div><\/div>\t\t<\/div>\n\t\t\t\t<\/div>\n\t\t\t\t\t\t<\/div>\n\t\t\t<\/div>\n\t\t<\/div>\n\t\t\t\t<div data-id=\"b762880\" class=\"elementor-element elementor-element-b762880 elementor-column elementor-col-33 elementor-top-column\" data-element_type=\"column\">\n\t\t\t<div class=\"elementor-column-wrap elementor-element-populated\">\n\t\t\t\t\t<div class=\"elementor-widget-wrap\">\n\t\t\t\t<div data-id=\"c9a6632\" class=\"elementor-element elementor-element-c9a6632 obfx-position-top elementor-widget elementor-widget-obfx-services\" data-element_type=\"obfx-services.default\">\n\t\t\t\t<div class=\"elementor-widget-container\">\n\t\t\t<div class=\"obfx-grid\"><div class=\"obfx-grid-container obfx-grid-mobile-1 obfx-grid-tablet-2 obfx-grid-desktop-1\">\t\t\t<div class=\"obfx-grid-wrapper\">\n\t\t\t\t<a href=\"http:\/\/resurs.lv\/lv\/psihologiska-palidziba\/\" >\t\t\t\t<div class=\"obfx-service-box obfx-grid-col\">\n\t\t\t\t\t\t\t\t\t\t\t<span class=\"obfx-icon-wrap\"><i class=\"obfx-icon eci font879195717-captainicon-72\" style=\"color: #ffffff\"><\/i><\/span>\n\t\t\t\t\t\t\t\t\t\t\t\t<div class=\"obfx-service-box-content\">\n\t\t\t\t\t\t\t\t\t\t\t\t\t\t\t<h4 class=\"obfx-service-title\">Psiholo\u0123isk\u0101 pal\u012bdz\u012bba<\/h4>\n\t\t\t\t\t\t\t\t\t\t\t\t\t\t\t\t<p class=\"obfx-service-text\">T\u0101 k\u0101 ir daudz pieteikumu individu\u0101l\u0101m konsult\u0101cij\u0101m ar m\u016bsu centra speci\u0101listiem, m\u0113s atveram &quot;Psihologa biroju&quot;. J\u016bs varat pieteikties gan san\u0101ksmei, gan tie\u0161saistes konsult\u0101cij\u0101m.<\/p>\n\t\t\t\t\t\t\t\t\t\t\t\t\t<\/div><!-- \/.obfx-service-box-content -->\n\t\t\t\t\t\t\t\t\t<\/div><!-- \/.obfx-service-box -->\n\t\t\t\t<\/a>\t\t\t<\/div><!-- \/.obfx-grid-wrapper -->\n\t\t\t<\/div><\/div>\t\t<\/div>\n\t\t\t\t<\/div>\n\t\t\t\t\t\t<\/div>\n\t\t\t<\/div>\n\t\t<\/div>\n\t\t\t\t\t\t<\/div>\n\t\t\t<\/div>\n\t\t<\/section>\n\t\t\t\t<section data-id=\"f5538ab\" class=\"elementor-element elementor-element-f5538ab elementor-section-stretched elementor-section-height-min-height elementor-section-content-middle elementor-section-boxed elementor-section-height-default elementor-section-items-middle elementor-section elementor-top-section\" data-settings=\"{&quot;stretch_section&quot;:&quot;section-stretched&quot;,&quot;background_background&quot;:&quot;classic&quot;}\" data-element_type=\"section\">\n\t\t\t\t\t\t\t<div class=\"elementor-background-overlay\"><\/div>\n\t\t\t\t\t\t\t<div class=\"elementor-container elementor-column-gap-no\">\n\t\t\t\t<div class=\"elementor-row\">\n\t\t\t\t<div data-id=\"ec27d42\" class=\"elementor-element elementor-element-ec27d42 elementor-column elementor-col-100 elementor-top-column\" data-element_type=\"column\">\n\t\t\t<div class=\"elementor-column-wrap elementor-element-populated\">\n\t\t\t\t\t<div class=\"elementor-widget-wrap\">\n\t\t\t\t<div data-id=\"0c9ccc2\" class=\"elementor-element elementor-element-0c9ccc2 elementor-align-center elementor-widget elementor-widget-button\" data-element_type=\"button.default\">\n\t\t\t\t<div class=\"elementor-widget-container\">\n\t\t\t\t\t<div class=\"elementor-button-wrapper\">\n\t\t\t<a href=\"http:\/\/resurs.lv\/lv\/kontakti\/\" class=\"elementor-button-link elementor-button elementor-size-xl\" role=\"button\">\n\t\t\t\t\t\t<span class=\"elementor-button-content-wrapper\">\n\t\t\t\t\t\t<span class=\"elementor-button-text\">RE\u0122ISTR\u0112TIES \/ UZDOT JAUT\u0100JUMU<\/span>\n\t\t<\/span>\n\t\t\t\t\t<\/a>\n\t\t<\/div>\n\t\t\t\t<\/div>\n\t\t\t\t<\/div>\n\t\t\t\t\t\t<\/div>\n\t\t\t<\/div>\n\t\t<\/div>\n\t\t\t\t\t\t<\/div>\n\t\t\t<\/div>\n\t\t<\/section>\n\t\t\t\t\t\t<\/div>\n\t\t\t<\/div>\n\t\t<\/div>\n\t\t","protected":false},"excerpt":{"rendered":"<p>Smart Slider with ID: 2 TURUS Plus Neirokorekcija TURUS PLUS ir pr\u0101ta un \u0137erme\u0146a treni\u0146\u0161. Uzlabo uzman\u012bbu, gribu, elast\u012bgumu, veikl\u012bbu, efektivit\u0101ti un daudz ko citu. B\u0113rnu nometnes Daudzi no jums zina, k\u0101 m\u0113s to dar\u0101m un katru vasaru (un ne tikai) augam kop\u0101 ar mums, k\u013c\u016bstot p\u0101rliecin\u0101t\u0101ki un neatkar\u012bg\u0101ki! Psiholo\u0123isk\u0101 pal\u012bdz\u012bba T\u0101 k\u0101 ir daudz &hellip;<\/p>\n<p class=\"read-more\"> <a class=\"\" href=\"https:\/\/resurs.lv\/lv\/\"> <span class=\"screen-reader-text\">Galven\u0101<\/span> \u0427\u0438\u0442\u0430\u0442\u044c \u043f\u043e\u043b\u043d\u043e\u0441\u0442\u044c\u044e &raquo;<\/a><\/p>\n","protected":false},"author":1,"featured_media":0,"parent":0,"menu_order":0,"comment_status":"closed","ping_status":"closed","template":"","meta":{"footnotes":""},"class_list":["post-11","page","type-page","status-publish","hentry"],"_links":{"self":[{"href":"https:\/\/resurs.lv\/lv\/wp-json\/wp\/v2\/pages\/11","targetHints":{"allow":["GET"]}}],"collection":[{"href":"https:\/\/resurs.lv\/lv\/wp-json\/wp\/v2\/pages"}],"about":[{"href":"https:\/\/resurs.lv\/lv\/wp-json\/wp\/v2\/types\/page"}],"author":[{"embeddable":true,"href":"https:\/\/resurs.lv\/lv\/wp-json\/wp\/v2\/users\/1"}],"replies":[{"embeddable":true,"href":"https:\/\/resurs.lv\/lv\/wp-json\/wp\/v2\/comments?post=11"}],"version-history":[{"count":44,"href":"https:\/\/resurs.lv\/lv\/wp-json\/wp\/v2\/pages\/11\/revisions"}],"predecessor-version":[{"id":1012,"href":"https:\/\/resurs.lv\/lv\/wp-json\/wp\/v2\/pages\/11\/revisions\/1012"}],"wp:attachment":[{"href":"https:\/\/resurs.lv\/lv\/wp-json\/wp\/v2\/media?parent=11"}],"curies":[{"name":"wp","href":"https:\/\/api.w.org\/{rel}","templated":true}]}}