{"id":18,"date":"2018-11-20T19:44:38","date_gmt":"2018-11-20T19:44:38","guid":{"rendered":"http:\/\/resurs.lv\/lv\/?page_id=18"},"modified":"2026-04-08T23:31:04","modified_gmt":"2026-04-08T20:31:04","slug":"komanda","status":"publish","type":"page","link":"https:\/\/resurs.lv\/lv\/komanda\/","title":{"rendered":"Komanda"},"content":{"rendered":"\t\t<div class=\"elementor elementor-18\">\n\t\t\t<div class=\"elementor-inner\">\n\t\t\t\t<div class=\"elementor-section-wrap\">\n\t\t\t\t\t\t\t<section data-id=\"703f0ae\" class=\"elementor-element elementor-element-703f0ae elementor-section-boxed elementor-section-height-default elementor-section-height-default elementor-section elementor-top-section\" data-element_type=\"section\">\n\t\t\t\t\t\t<div class=\"elementor-container elementor-column-gap-default\">\n\t\t\t\t<div class=\"elementor-row\">\n\t\t\t\t<div data-id=\"cb005cd\" class=\"elementor-element elementor-element-cb005cd elementor-column elementor-col-25 elementor-top-column\" data-element_type=\"column\">\n\t\t\t<div class=\"elementor-column-wrap elementor-element-populated\">\n\t\t\t\t\t<div class=\"elementor-widget-wrap\">\n\t\t\t\t<div data-id=\"5a7dbc5\" class=\"elementor-element elementor-element-5a7dbc5 elementor-widget elementor-widget-image\" data-element_type=\"image.default\">\n\t\t\t\t<div class=\"elementor-widget-container\">\n\t\t\t\t\t<div class=\"elementor-image\">\n\t\t\t\t\t\t\t\t\t\t<img decoding=\"async\" src=\"https:\/\/resurs.lv\/lv\/wp-content\/uploads\/sites\/18\/2026\/04\/tatjana-dogadaeva.jpg\" title=\"\u0422\u0430\u0442\u044c\u044f\u043d\u0430 \u0414\u043e\u0433\u0430\u0434\u0430\u0435\u0432\u0430\" alt=\"\u0422\u0430\u0442\u044c\u044f\u043d\u0430 \u0414\u043e\u0433\u0430\u0434\u0430\u0435\u0432\u0430\" \/>\t\t\t\t\t\t\t\t\t\t\t<\/div>\n\t\t\t\t<\/div>\n\t\t\t\t<\/div>\n\t\t\t\t<div data-id=\"1370f85\" class=\"elementor-element elementor-element-1370f85 elementor-widget elementor-widget-text-editor\" data-element_type=\"text-editor.default\">\n\t\t\t\t<div class=\"elementor-widget-container\">\n\t\t\t\t\t<div class=\"elementor-text-editor elementor-clearfix\"><p style=\"text-align: center;\"><span style=\"font-family: helvetica, arial, sans-serif; font-size: 14pt;\"><strong>Tatjana Dogadajeva<\/strong><\/span><\/p><p><span style=\"font-family: helvetica, arial, sans-serif; font-size: 12pt;\">Centra zin\u0101tniskais vad\u012bt\u0101js. Psihologa-skolot\u0101ja. Programmu izstr\u0101de, psiholo\u0123iskais atbalsts klientiem. Programmas TURUS-PLUS koordinators, speci\u0101lists b\u0113rnu att\u012bst\u012bbas, vec\u0101ku un b\u0113rnu attiec\u012bbu, person\u012bg\u0101s att\u012bst\u012bbas jom\u0101. Konceptu\u0101l\u0101s dom\u0101\u0161anas att\u012bst\u012bbas programmas autore &#171;Eureka&#187;. Pieredze psiholo\u0123iskaj\u0101 darb\u0101 vair\u0101k nek\u0101 30 gadus. Pedago\u0123ijas un psiholo\u0123ijas ma\u0123istrs.<\/span><\/p><\/div>\n\t\t\t\t<\/div>\n\t\t\t\t<\/div>\n\t\t\t\t\t\t<\/div>\n\t\t\t<\/div>\n\t\t<\/div>\n\t\t\t\t<div data-id=\"4eafbfa\" class=\"elementor-element elementor-element-4eafbfa elementor-column elementor-col-25 elementor-top-column\" data-element_type=\"column\">\n\t\t\t<div class=\"elementor-column-wrap elementor-element-populated\">\n\t\t\t\t\t<div class=\"elementor-widget-wrap\">\n\t\t\t\t<div data-id=\"e3647b9\" class=\"elementor-element elementor-element-e3647b9 elementor-widget elementor-widget-image\" data-element_type=\"image.default\">\n\t\t\t\t<div class=\"elementor-widget-container\">\n\t\t\t\t\t<div class=\"elementor-image\">\n\t\t\t\t\t\t\t\t\t\t<img loading=\"lazy\" decoding=\"async\" width=\"683\" height=\"1024\" src=\"https:\/\/resurs.lv\/lv\/wp-content\/uploads\/sites\/18\/2026\/04\/vadim-levikin-683x1024.jpeg\" class=\"attachment-large size-large\" alt=\"\" srcset=\"https:\/\/resurs.lv\/lv\/wp-content\/uploads\/sites\/18\/2026\/04\/vadim-levikin-683x1024.jpeg 683w, https:\/\/resurs.lv\/lv\/wp-content\/uploads\/sites\/18\/2026\/04\/vadim-levikin-200x300.jpeg 200w, https:\/\/resurs.lv\/lv\/wp-content\/uploads\/sites\/18\/2026\/04\/vadim-levikin-768x1152.jpeg 768w, https:\/\/resurs.lv\/lv\/wp-content\/uploads\/sites\/18\/2026\/04\/vadim-levikin.jpeg 1024w\" sizes=\"auto, (max-width: 683px) 100vw, 683px\" \/>\t\t\t\t\t\t\t\t\t\t\t<\/div>\n\t\t\t\t<\/div>\n\t\t\t\t<\/div>\n\t\t\t\t<div data-id=\"885a915\" class=\"elementor-element elementor-element-885a915 elementor-widget elementor-widget-text-editor\" data-element_type=\"text-editor.default\">\n\t\t\t\t<div class=\"elementor-widget-container\">\n\t\t\t\t\t<div class=\"elementor-text-editor elementor-clearfix\"><p style=\"text-align: center;\"><span style=\"font-size: 14pt;\"><strong><span style=\"font-family: helvetica, arial, sans-serif;\">Vadims \u013bevikins <\/span><\/strong><\/span><\/p><p><span style=\"font-family: helvetica, arial, sans-serif; font-size: 12pt;\">Galvas centrs. Sertific\u0113ts neiropsiholo\u0123isk\u0101s sensorotomijas korekcijas treneris, TURUS-PLUS programma, centra psihologs, person\u012bg\u0101s izaugsmes eksperts, vec\u0101ku un b\u0113rnu attiec\u012bbas. Pieredze kop\u0161 2000. gada. Vesel\u012bbas psiholo\u0123ijas ma\u0123istrs.<\/span><\/p><\/div>\n\t\t\t\t<\/div>\n\t\t\t\t<\/div>\n\t\t\t\t\t\t<\/div>\n\t\t\t<\/div>\n\t\t<\/div>\n\t\t\t\t<div data-id=\"05c30b0\" class=\"elementor-element elementor-element-05c30b0 elementor-column elementor-col-25 elementor-top-column\" data-element_type=\"column\">\n\t\t\t<div class=\"elementor-column-wrap elementor-element-populated\">\n\t\t\t\t\t<div class=\"elementor-widget-wrap\">\n\t\t\t\t<div data-id=\"fab4d08\" class=\"elementor-element elementor-element-fab4d08 elementor-widget elementor-widget-image\" data-element_type=\"image.default\">\n\t\t\t\t<div class=\"elementor-widget-container\">\n\t\t\t\t\t<div class=\"elementor-image\">\n\t\t\t\t\t\t\t\t\t\t<img decoding=\"async\" src=\"https:\/\/resurs.lv\/lv\/wp-content\/uploads\/sites\/18\/2026\/04\/katerina-alejnikova.jpeg\" title=\"\u041a\u0430\u0442\u0435\u0440\u0438\u043d\u0430 \u0410\u043b\u0435\u0439\u043d\u0438\u043a\u043e\u0432\u0430\" alt=\"\u041a\u0430\u0442\u0435\u0440\u0438\u043d\u0430 \u0410\u043b\u0435\u0439\u043d\u0438\u043a\u043e\u0432\u0430\" \/>\t\t\t\t\t\t\t\t\t\t\t<\/div>\n\t\t\t\t<\/div>\n\t\t\t\t<\/div>\n\t\t\t\t<div data-id=\"e19536f\" class=\"elementor-element elementor-element-e19536f elementor-widget elementor-widget-text-editor\" data-element_type=\"text-editor.default\">\n\t\t\t\t<div class=\"elementor-widget-container\">\n\t\t\t\t\t<div class=\"elementor-text-editor elementor-clearfix\"><p style=\"text-align: center;\"><span style=\"font-family: helvetica, arial, sans-serif; font-size: 12pt;\"><strong><span style=\"font-size: 14pt;\">Ekaterina \u010cer\u0146ikova<\/span> <\/strong><\/span><\/p><p><span style=\"font-family: helvetica, arial, sans-serif; font-size: 12pt;\">Administratora centrs &#171;Resurss&#187;. Programmas \u201cEureka\u201d koordinators, b\u0113rnu resursu nometnes \u201eResursu\u201d organiz\u0113t\u0101js, vado\u0161ie psiholo\u0123iskie semin\u0101ri, psiholo\u0123ijas ma\u0123istrs.<\/span><\/p><\/div>\n\t\t\t\t<\/div>\n\t\t\t\t<\/div>\n\t\t\t\t\t\t<\/div>\n\t\t\t<\/div>\n\t\t<\/div>\n\t\t\t\t<div data-id=\"05664e9\" class=\"elementor-element elementor-element-05664e9 elementor-column elementor-col-25 elementor-top-column\" data-element_type=\"column\">\n\t\t\t<div class=\"elementor-column-wrap elementor-element-populated\">\n\t\t\t\t\t<div class=\"elementor-widget-wrap\">\n\t\t\t\t<div data-id=\"7fb59ec\" class=\"elementor-element elementor-element-7fb59ec elementor-widget elementor-widget-image\" data-element_type=\"image.default\">\n\t\t\t\t<div class=\"elementor-widget-container\">\n\t\t\t\t\t<div class=\"elementor-image\">\n\t\t\t\t\t\t\t\t\t\t<img loading=\"lazy\" decoding=\"async\" width=\"682\" height=\"1024\" src=\"https:\/\/resurs.lv\/lv\/wp-content\/uploads\/sites\/18\/2026\/04\/zhanna-korp-682x1024.jpeg\" class=\"attachment-large size-large\" alt=\"\" srcset=\"https:\/\/resurs.lv\/lv\/wp-content\/uploads\/sites\/18\/2026\/04\/zhanna-korp-682x1024.jpeg 682w, https:\/\/resurs.lv\/lv\/wp-content\/uploads\/sites\/18\/2026\/04\/zhanna-korp-200x300.jpeg 200w, https:\/\/resurs.lv\/lv\/wp-content\/uploads\/sites\/18\/2026\/04\/zhanna-korp.jpeg 767w\" sizes=\"auto, (max-width: 682px) 100vw, 682px\" \/>\t\t\t\t\t\t\t\t\t\t\t<\/div>\n\t\t\t\t<\/div>\n\t\t\t\t<\/div>\n\t\t\t\t<div data-id=\"34e9ceb\" class=\"elementor-element elementor-element-34e9ceb elementor-widget elementor-widget-text-editor\" data-element_type=\"text-editor.default\">\n\t\t\t\t<div class=\"elementor-widget-container\">\n\t\t\t\t\t<div class=\"elementor-text-editor elementor-clearfix\"><p style=\"text-align: center;\"><span style=\"font-size: 14pt;\"><strong><span style=\"font-family: helvetica, arial, sans-serif;\">\u017danna Korp<\/span><\/strong><\/span><\/p><p><span style=\"font-family: helvetica, arial, sans-serif; font-size: 12pt;\">Sensorimotor\u0101s korekcijas trenere (TURUS Plus), sertific\u0113ta person\u012bg\u0101 fitnesa trenere, eksperte m\u0113r\u0137u izvirz\u012b\u0161an\u0101 un person\u012bgaj\u0101 izaugsm\u0113. Profesion\u0101l\u0101 pieredze kop\u0161 2007. gada.<\/span><\/p><\/div>\n\t\t\t\t<\/div>\n\t\t\t\t<\/div>\n\t\t\t\t\t\t<\/div>\n\t\t\t<\/div>\n\t\t<\/div>\n\t\t\t\t\t\t<\/div>\n\t\t\t<\/div>\n\t\t<\/section>\n\t\t\t\t<section data-id=\"08b75bb\" class=\"elementor-element elementor-element-08b75bb elementor-section-boxed elementor-section-height-default elementor-section-height-default elementor-section elementor-top-section\" data-element_type=\"section\">\n\t\t\t\t\t\t<div class=\"elementor-container elementor-column-gap-default\">\n\t\t\t\t<div class=\"elementor-row\">\n\t\t\t\t<div data-id=\"c3d13ff\" class=\"elementor-element elementor-element-c3d13ff elementor-column elementor-col-100 elementor-top-column\" data-element_type=\"column\">\n\t\t\t<div class=\"elementor-column-wrap elementor-element-populated\">\n\t\t\t\t\t<div class=\"elementor-widget-wrap\">\n\t\t\t\t<div data-id=\"f29e2a7\" class=\"elementor-element elementor-element-f29e2a7 elementor-widget elementor-widget-spacer\" data-element_type=\"spacer.default\">\n\t\t\t\t<div class=\"elementor-widget-container\">\n\t\t\t\t\t<div class=\"elementor-spacer\">\n\t\t\t<div class=\"elementor-spacer-inner\"><\/div>\n\t\t<\/div>\n\t\t\t\t<\/div>\n\t\t\t\t<\/div>\n\t\t\t\t\t\t<\/div>\n\t\t\t<\/div>\n\t\t<\/div>\n\t\t\t\t\t\t<\/div>\n\t\t\t<\/div>\n\t\t<\/section>\n\t\t\t\t\t\t<\/div>\n\t\t\t<\/div>\n\t\t<\/div>\n\t\t","protected":false},"excerpt":{"rendered":"<p>Tatjana Dogadajeva Centra zin\u0101tniskais vad\u012bt\u0101js. Psihologa-skolot\u0101ja. Programmu izstr\u0101de, psiholo\u0123iskais atbalsts klientiem. Programmas TURUS-PLUS koordinators, speci\u0101lists b\u0113rnu att\u012bst\u012bbas, vec\u0101ku un b\u0113rnu attiec\u012bbu, person\u012bg\u0101s att\u012bst\u012bbas jom\u0101. Konceptu\u0101l\u0101s dom\u0101\u0161anas att\u012bst\u012bbas programmas autore &#171;Eureka&#187;. Pieredze psiholo\u0123iskaj\u0101 darb\u0101 vair\u0101k nek\u0101 30 gadus. Pedago\u0123ijas un psiholo\u0123ijas ma\u0123istrs. Vadims \u013bevikins Galvas centrs. Sertific\u0113ts neiropsiholo\u0123isk\u0101s sensorotomijas korekcijas treneris, TURUS-PLUS programma, centra psihologs, person\u012bg\u0101s &hellip;<\/p>\n<p class=\"read-more\"> <a class=\"\" href=\"https:\/\/resurs.lv\/lv\/komanda\/\"> <span class=\"screen-reader-text\">Komanda<\/span> \u0427\u0438\u0442\u0430\u0442\u044c \u043f\u043e\u043b\u043d\u043e\u0441\u0442\u044c\u044e &raquo;<\/a><\/p>\n","protected":false},"author":1,"featured_media":0,"parent":0,"menu_order":0,"comment_status":"closed","ping_status":"closed","template":"","meta":{"footnotes":""},"class_list":["post-18","page","type-page","status-publish","hentry"],"_links":{"self":[{"href":"https:\/\/resurs.lv\/lv\/wp-json\/wp\/v2\/pages\/18","targetHints":{"allow":["GET"]}}],"collection":[{"href":"https:\/\/resurs.lv\/lv\/wp-json\/wp\/v2\/pages"}],"about":[{"href":"https:\/\/resurs.lv\/lv\/wp-json\/wp\/v2\/types\/page"}],"author":[{"embeddable":true,"href":"https:\/\/resurs.lv\/lv\/wp-json\/wp\/v2\/users\/1"}],"replies":[{"embeddable":true,"href":"https:\/\/resurs.lv\/lv\/wp-json\/wp\/v2\/comments?post=18"}],"version-history":[{"count":20,"href":"https:\/\/resurs.lv\/lv\/wp-json\/wp\/v2\/pages\/18\/revisions"}],"predecessor-version":[{"id":1868,"href":"https:\/\/resurs.lv\/lv\/wp-json\/wp\/v2\/pages\/18\/revisions\/1868"}],"wp:attachment":[{"href":"https:\/\/resurs.lv\/lv\/wp-json\/wp\/v2\/media?parent=18"}],"curies":[{"name":"wp","href":"https:\/\/api.w.org\/{rel}","templated":true}]}}