{"id":1840,"date":"2026-03-18T16:47:18","date_gmt":"2026-03-18T14:47:18","guid":{"rendered":"https:\/\/resurs.lv\/lv\/?page_id=1840"},"modified":"2026-03-18T16:51:41","modified_gmt":"2026-03-18T14:51:41","slug":"vecaku-atsauksmes","status":"publish","type":"page","link":"https:\/\/resurs.lv\/lv\/vecaku-atsauksmes\/","title":{"rendered":"Vec\u0101ku un klientu atsauksmes par b\u0113rnu att\u012bst\u012bbas centru \u201cResurss\u201d"},"content":{"rendered":"\t\t<div class=\"elementor elementor-1840\">\n\t\t\t<div class=\"elementor-inner\">\n\t\t\t\t<div class=\"elementor-section-wrap\">\n\t\t\t\t\t\t\t<section data-id=\"d5ebf68\" class=\"elementor-element elementor-element-d5ebf68 elementor-section-boxed elementor-section-height-default elementor-section-height-default elementor-section elementor-top-section\" data-element_type=\"section\">\n\t\t\t\t\t\t<div class=\"elementor-container elementor-column-gap-default\">\n\t\t\t\t<div class=\"elementor-row\">\n\t\t\t\t<div data-id=\"29ba144\" class=\"elementor-element elementor-element-29ba144 elementor-column elementor-col-100 elementor-top-column\" data-element_type=\"column\">\n\t\t\t<div class=\"elementor-column-wrap elementor-element-populated\">\n\t\t\t\t\t<div class=\"elementor-widget-wrap\">\n\t\t\t\t<div data-id=\"9dff56c\" class=\"elementor-element elementor-element-9dff56c elementor-widget elementor-widget-heading\" data-element_type=\"heading.default\">\n\t\t\t\t<div class=\"elementor-widget-container\">\n\t\t\t<h2 class=\"elementor-heading-title elementor-size-default\">Vec\u0101ku atsauksmes par Centra darbu un iemesli, k\u0101p\u0113c vec\u0101ki izv\u0113las m\u016bsu nometnes un programmas<\/h2>\t\t<\/div>\n\t\t\t\t<\/div>\n\t\t\t\t\t\t<\/div>\n\t\t\t<\/div>\n\t\t<\/div>\n\t\t\t\t\t\t<\/div>\n\t\t\t<\/div>\n\t\t<\/section>\n\t\t\t\t<section data-id=\"27ed0ef\" class=\"elementor-element elementor-element-27ed0ef elementor-section-boxed elementor-section-height-default elementor-section-height-default elementor-section elementor-top-section\" data-element_type=\"section\">\n\t\t\t\t\t\t<div class=\"elementor-container elementor-column-gap-default\">\n\t\t\t\t<div class=\"elementor-row\">\n\t\t\t\t<div data-id=\"772b9ed\" class=\"elementor-element elementor-element-772b9ed elementor-column elementor-col-100 elementor-top-column\" data-element_type=\"column\">\n\t\t\t<div class=\"elementor-column-wrap elementor-element-populated\">\n\t\t\t\t\t<div class=\"elementor-widget-wrap\">\n\t\t\t\t<div data-id=\"3cc72ed\" class=\"elementor-element elementor-element-3cc72ed elementor-widget elementor-widget-text-editor\" data-element_type=\"text-editor.default\">\n\t\t\t\t<div class=\"elementor-widget-container\">\n\t\t\t\t\t<div class=\"elementor-text-editor elementor-clearfix\"><p><span style=\"font-family: helvetica, arial, sans-serif; font-size: 11pt;\">Br\u012bni\u0161\u0137\u012bga komanda profesion\u0101\u013cu ar lielo burtu! Ja mekl\u0113jat vietu, kur j\u016bsu b\u0113rnam b\u016bs jautri, dro\u0161i un izgl\u012btojo\u0161i \u2013 tad \u0161eit ir \u012bst\u0101 vieta! Interesant\u0101 programma ne\u013cauj b\u0113rniem garlaikoties, nav ier\u012b\u010du (pat vakar\u0101!), att\u012bst\u0101s patst\u0101v\u012bbas un komunik\u0101cijas prasmes grup\u0101 \u2013 tas viss ir &#171;Resurss&#187;! 10+ un LIELS PALDIES!<br \/><\/span><span style=\"font-family: helvetica, arial, sans-serif; font-size: 11pt;\"><strong>Anna <\/strong><\/span><span style=\"font-family: helvetica, arial, sans-serif; font-size: 11pt;\">m\u0101te<br \/><\/span><br \/><span style=\"font-family: helvetica, arial, sans-serif; font-size: 11pt;\">Lieliska nometne! B\u0113rns bija \u013coti apmierin\u0101ts, pilns ar pozit\u012bv\u0101m saj\u016bt\u0101m. V\u0113las braukt ar\u012b n\u0101kamgad. Liels paldies!<br \/><\/span><span style=\"font-family: helvetica, arial, sans-serif; font-size: 11pt;\"><strong>Andrej <\/strong><\/span><span style=\"font-family: helvetica, arial, sans-serif; font-size: 11pt;\">t\u0113vs<br \/><\/span><br \/><span style=\"font-family: helvetica, arial, sans-serif; font-size: 11pt;\">\u013boti pateicos visiem nometnes &#171;Resurss&#187; organizatoriem par lieliski pavad\u012bto laiku, ko mana meita tur pavad\u012bja! Paldies par j\u016bsu profesionalit\u0101ti. T\u012brs gaiss, saule un j\u016bra, jautras sp\u0113les, gar\u0161\u012bga \u0113diens, bet pats galvenais \u2013 DZ\u012aVS kontakts ar vienaud\u017eiem! Kas v\u0113l var b\u016bt lab\u0101k b\u0113rniem \u0161ajos gr\u016btajos laikos?<br \/><\/span><span style=\"font-family: helvetica, arial, sans-serif; font-size: 11pt;\"><strong>Larisa <\/strong><\/span><span style=\"font-family: helvetica, arial, sans-serif; font-size: 11pt;\">Marinas m\u0101te<br \/><\/span><br \/><span style=\"font-family: helvetica, arial, sans-serif; font-size: 11pt;\">Paldies par lielisko vasaras nometnes organiz\u0113\u0161anu. B\u0113rns ir \u013coti apmierin\u0101ts un v\u0113las atgriezties v\u0113lreiz.<br \/><\/span><span style=\"font-family: helvetica, arial, sans-serif; font-size: 11pt;\"><strong>Nat\u0101lija <\/strong><\/span><span style=\"font-family: helvetica, arial, sans-serif; font-size: 11pt;\">m\u0101te<br \/><\/span><br \/><span style=\"font-family: helvetica, arial, sans-serif; font-size: 11pt;\">Meita v\u0113l\u0113j\u0101s doties uz nometni ar nak\u0161\u0146o\u0161anu, draugi ieteica nometni &#171;Resurss&#187;. Tas bija pirmais patst\u0101v\u012bgais dz\u012bves m\u0113\u0123in\u0101jums. &#171;P\u0101rbaud\u012bjums&#187; gan meitai, gan vec\u0101kiem.))) Un &#171;Resurss&#187; bija \u013coti pareizais izv\u0113les solis \u2013 profesion\u0101li psihologi un vad\u012bt\u0101ji izdar\u012bja savu darbu \u2013 b\u0113rns atgriez\u0101s apmierin\u0101ts, laim\u012bgs, pilns ar iespaidiem, ar jaunajiem draugiem un ar milz\u012bgu v\u0113lmi atgriezties nometn\u0113 v\u0113lreiz! Liels paldies!<br \/><\/span><span style=\"font-family: helvetica, arial, sans-serif; font-size: 11pt;\"><strong>J\u016blija <\/strong><\/span><span style=\"font-family: helvetica, arial, sans-serif; font-size: 11pt;\">m\u0101te<br \/><\/span><br \/><span style=\"font-family: helvetica, arial, sans-serif; font-size: 11pt;\">V\u0113los izteikt pateic\u012bbu visiem pedagogu, psihologu un nometnes vad\u012bt\u0101jiem &#171;Resurss&#187; par uzman\u012bbu, r\u016bp\u0113m un profesionalit\u0101ti! Laim\u012bgs, vesels un dz\u012bvespriec\u012bgs b\u0113rns \u2013 tas ir vislab\u0101kais rezult\u0101ts jebkuram vec\u0101kam! Iesaku!<br \/><\/span><span style=\"font-family: helvetica, arial, sans-serif; font-size: 11pt;\"><strong>Marika <\/strong><\/span><span style=\"font-family: helvetica, arial, sans-serif; font-size: 11pt;\">m\u0101te<br \/><\/span><br \/><span style=\"font-family: helvetica, arial, sans-serif; font-size: 11pt;\">Skatieties foto, un tas nav tikai nejau\u0161i no\u0137erti mirk\u013ci, ar \u0161\u0101du noska\u0146ojumu mans d\u0113ls atgriez\u0101s no nometnes. Vi\u0146\u0161 jau pl\u0101no n\u0101kamo gadu un argumentus, lai b\u016btu komandas kapteinis. Zobu t\u012br\u012b\u0161ana divreiz dien\u0101 \ud83d\ude42. Un v\u0101rdi\u2026 \u0161eit ir tik neparasti (par nometni), kas man lika notic\u0113t, ka kardinala videi mai\u0146a sniedz daudz inform\u0101cijas. Pateicos Katjai un Vadimam! Es ats\u016bt\u012bju manu m\u0101jas puiku ar noteiktu uztraukumu, un tas ir saprotams&#8230; Bet\u2026 \u2013 mamma, \u0161eit man ir tik daudz jaunu draugu, piln\u012bgi atbr\u012bvo no uztraukumiem. Un v\u0113l&#8230; \u2013 es ta\u010du nekad neesmu bijis bez jums (\u0123imenes), tik ilgi\u2026 es no jums atp\u016btos.<br \/><\/span><span style=\"font-family: helvetica, arial, sans-serif; font-size: 11pt;\"><strong>Nat\u0101lija <\/strong><\/span><span style=\"font-family: helvetica, arial, sans-serif; font-size: 11pt;\">m\u0101te<br \/><\/span><br \/><span style=\"font-family: helvetica, arial, sans-serif; font-size: 11pt;\">Meita (10 gadi) bija 2 mai\u0146\u0101s p\u0113c k\u0101rtas. T\u0101 bija vi\u0146as pirm\u0101 ce\u013cojuma pieredze uz nometni, tikai pozit\u012bvas saj\u016btas, \u013coti v\u0113las braukt ar\u012b n\u0101kamaj\u0101 gad\u0101.<br \/><\/span><span style=\"font-family: helvetica, arial, sans-serif; font-size: 11pt;\"><strong>Svetlana <\/strong><\/span><span style=\"font-family: helvetica, arial, sans-serif; font-size: 11pt;\">m\u0101te<br \/><\/span><br \/><span style=\"font-family: helvetica, arial, sans-serif; font-size: 11pt;\">B\u0113rns jau otro reizi apmekl\u0113ja nometni un bija piln\u012bg\u0101 saj\u016bsm\u0101, sac\u012bja, ka dosies atkal, un tas ir lab\u0101kais nov\u0113rt\u0113jums. Atgriez\u0101s patst\u0101v\u012bgs, ieguvis daudz draugu, iem\u012bl\u0113ja sporta sp\u0113les! Iesaku!<br \/><\/span><span style=\"font-family: helvetica, arial, sans-serif; font-size: 11pt;\"><strong>Olesja <\/strong><\/span><span style=\"font-family: helvetica, arial, sans-serif; font-size: 11pt;\">m\u0101te<br \/><\/span><br \/><span style=\"font-family: helvetica, arial, sans-serif; font-size: 11pt;\">Tas ir br\u012bni\u0161\u0137\u012bgs nometne. B\u0113rns tur bija jau divas reizes un v\u0113las atgriezties v\u0113l \u2013 saka, ka pat uz visu vasaru. M\u016bsu laik\u0101 to ieteica draugi, un tagad es to ieteicu visiem. Vad\u012bt\u0101ji ir \u012bsti profesion\u0101\u013ci ar bezgal\u012bgu paciet\u012bbu un patiesu m\u012blest\u012bbu pret b\u0113rniem. \u0112dieni ir gar\u0161\u012bgi, re\u017e\u012bms tiek iev\u0113rots, ier\u012bces ir aizliegtas. Draudz\u012bgas un uztic\u012bbas pilnas atmosf\u0113ras \u2013 organizatoru un vad\u012bt\u0101ju nenoliedzams nopelns. Un v\u0113l man pat\u012bk, ka b\u0113rni ir da\u017e\u0101da vecuma \u2013 vec\u0101kie r\u016bp\u0113jas par jaun\u0101kajiem, jaun\u0101kie att\u012bst\u0101s, tiecas p\u0113c vec\u0101kajiem. Man svar\u012bg\u0101kais r\u0101d\u012bt\u0101js ir b\u0113rna v\u0113lme atgriezties atkal un atkal.<br \/><\/span><span style=\"font-family: helvetica, arial, sans-serif; font-size: 11pt;\"><strong>Irina <\/strong><\/span><span style=\"font-family: helvetica, arial, sans-serif; font-size: 11pt;\">m\u0101te<br \/><\/span><br \/><span style=\"font-family: helvetica, arial, sans-serif; font-size: 11pt;\">Lieliska nometne! Bij\u0101m pirmo reizi un palik\u0101m \u013coti apmierin\u0101ti, un pats galvenais, ka meitai patika! Lieliski vad\u012bt\u0101ji, profesion\u0101ls un pareizs pieejas katram b\u0113rnam! Kopum\u0101 \u2013 iesak\u0101m!<br \/><\/span><span style=\"font-family: helvetica, arial, sans-serif; font-size: 11pt;\"><strong>Dima <\/strong><\/span><span style=\"font-family: helvetica, arial, sans-serif; font-size: 11pt;\">t\u0113vs<br \/><\/span><br \/><span style=\"font-family: helvetica, arial, sans-serif; font-size: 11pt;\">Mans d\u0113ls jau tre\u0161o reizi ir bijis nometn\u0113 &#171;Resurss&#187;. Esam \u013coti apmierin\u0101ti. Br\u012bni\u0161\u0137\u012bga draudz\u012bga atmosf\u0113ra, interesanta un bag\u0101ta programma. Profesion\u0101li vad\u012bt\u0101ji, kas sp\u0113j rad\u012bt pozit\u012bvu noska\u0146u un g\u0101d\u012bgu attieksmi pret b\u0113rniem. Lieliska virtuve. B\u0113rniem tas ir \u012bsts piedz\u012bvojums. Liels paldies visiem!<br \/><\/span><span style=\"font-family: helvetica, arial, sans-serif; font-size: 11pt;\"><strong>Svetlana <\/strong><\/span><span style=\"font-family: helvetica, arial, sans-serif; font-size: 11pt;\">Marka m\u0101te<br \/><\/span><br \/><span style=\"font-family: helvetica, arial, sans-serif; font-size: 11pt;\">Br\u012bni\u0161\u0137\u012bga nometne! Mans b\u0113rns ar nepaciet\u012bbu gaida n\u0101kamo mai\u0146u. Par\u0101d\u012bj\u0101s draugi, pedagogiem ar\u012b \u013coti pat\u012bk. Esam \u013coti apmierin\u0101ti! Paldies jums!<br \/><\/span><span style=\"font-family: helvetica, arial, sans-serif; font-size: 11pt;\"><strong>Olga <\/strong><\/span><span style=\"font-family: helvetica, arial, sans-serif; font-size: 11pt;\">m\u0101te<br \/><\/span><br \/><span style=\"font-family: helvetica, arial, sans-serif; font-size: 11pt;\">B\u0113rnam \u013coti patika nometne, un, lai ar\u012b m\u0101j\u0101s ir probl\u0113mas ar bie\u017eu ier\u012b\u010du izmanto\u0161anu, nometn\u0113 vi\u0146\u0161 pat par t\u0101m neaizdom\u0101j\u0101s: sp\u0113l\u0113ja, komunic\u0113ja, sadarboj\u0101s. Gar\u0161\u012bgi \u0113da, kas ir svar\u012bgi manam b\u0113rnam. Patika viss! Paldies organizatoriem!<br \/><\/span><span style=\"font-family: helvetica, arial, sans-serif; font-size: 11pt;\"><strong>Nade\u017eda <\/strong><\/span><span style=\"font-family: helvetica, arial, sans-serif; font-size: 11pt;\">Sofijas m\u0101te<br \/><\/span><br \/><span style=\"font-family: helvetica, arial, sans-serif; font-size: 11pt;\">B\u0113rns piedz\u012bvoja stresu akt\u012bvo milit\u0101ro darb\u012bbu laik\u0101 Ukrain\u0101. Cer\u012bba uz jaun\u0101m pazi\u0146\u0101m, draudz\u012bbu un vienotas komandas darbu, kas pal\u012bdz\u0113s piel\u0101goties jaunajai dz\u012bvei.<br \/><\/span><span style=\"font-family: helvetica, arial, sans-serif; font-size: 11pt;\"><strong>Katerina <\/strong><\/span><span style=\"font-family: helvetica, arial, sans-serif; font-size: 11pt;\">Vja\u010deslava m\u0101te<br \/><\/span><br \/><span style=\"font-family: helvetica, arial, sans-serif; font-size: 11pt;\">T\u0101p\u0113c, ka pag\u0101ju\u0161aj\u0101 gad\u0101 meita piedal\u012bj\u0101s \u0161aj\u0101 nometn\u0113, piedaloties programm\u0101 &#171;Trampol\u012bns&#187; \u2013 \u013coti patika.<br \/><\/span><span style=\"font-family: helvetica, arial, sans-serif; font-size: 11pt;\"><strong>Inna <\/strong><\/span><span style=\"font-family: helvetica, arial, sans-serif; font-size: 11pt;\">D\u0101rjas m\u0101te<br \/><\/span><br \/><span style=\"font-family: helvetica, arial, sans-serif; font-size: 11pt;\">\u013boti draugi slav\u0113ja j\u016bsu nometni. Dom\u0101ju, ka N\u012bnai b\u016bs lietder\u012bgi m\u0101c\u012bties analiz\u0113t sevi un lab\u0101k saprast sevi.<br \/><\/span><span style=\"font-family: helvetica, arial, sans-serif; font-size: 11pt;\"><strong>Tatjana <\/strong><\/span><span style=\"font-family: helvetica, arial, sans-serif; font-size: 11pt;\">N\u012bnas m\u0101te<br \/><\/span><br \/><span style=\"font-family: helvetica, arial, sans-serif; font-size: 11pt;\">T\u0101p\u0113c, ka m\u0113s j\u016bs paz\u012bstam k\u0101 profesion\u0101\u013cus darb\u0101 ar b\u0113rniem.<br \/><\/span><span style=\"font-family: helvetica, arial, sans-serif; font-size: 11pt;\"><strong>Nadira<\/strong><\/span><br \/><span style=\"font-family: helvetica, arial, sans-serif; font-size: 11pt;\">\u00a0Anoras m\u0101te<br \/><\/span><br \/><span style=\"font-family: helvetica, arial, sans-serif; font-size: 11pt;\">Labas atsauksmes + v\u0113lme ievietot b\u0113rnu pozit\u012bv\u0101 un att\u012bsto\u0161\u0101 vid\u0113, koncentr\u0113joties uz m\u0113r\u0137u izvirz\u012b\u0161anu un pa\u0161izpratni.<br \/><strong>Val\u0113rija <\/strong><\/span><span style=\"font-family: helvetica, arial, sans-serif; font-size: 11pt;\">Raimonda m\u0101te<br \/><\/span><br \/><span style=\"font-family: helvetica, arial, sans-serif; font-size: 11pt;\">D\u012bmai patika iepriek\u0161\u0113jos gad\u012bjumos, bet tagad redzu probl\u0113mu m\u0113r\u0137u izvirz\u012b\u0161an\u0101 n\u0101kotnei: vi\u0146\u0161 nezina, kas v\u0113las b\u016bt, un nesaprot, ko tam vajadz\u0113tu dar\u012bt.<br \/><strong>Svetlana <\/strong><\/span><span style=\"font-family: helvetica, arial, sans-serif; font-size: 11pt;\">Dmitrija m\u0101te<br \/><\/span><br \/><span style=\"font-family: helvetica, arial, sans-serif; font-size: 11pt;\">Draudzene ieteica. Bet vi\u0146a bija tikai konsult\u0101cij\u0101, t\u0101pat k\u0101 m\u0113s. Nol\u0113mu, ka j\u016bsu nometne var pal\u012bdz\u0113t d\u0113lam k\u013c\u016bt paciet\u012bg\u0101kam, lab\u0101k iztur\u0113ties pret citiem, klaus\u012bties un dzird\u0113t, sadarboties un vienoties, saprast savas emocijas un pareizi t\u0101s izteikt, k\u013c\u016bt patst\u0101v\u012bg\u0101kam. Ja tas kaut nedaudz izdosies, m\u0113s b\u016bsim \u013coti priec\u012bgi.<br \/><strong>Viktorija <\/strong><\/span><span style=\"font-family: helvetica, arial, sans-serif; font-size: 11pt;\">m\u0101te<br \/><\/span><br \/><span style=\"font-family: helvetica, arial, sans-serif; font-size: 11pt;\">Svar\u012bga ir atgriezenisk\u0101 saite ar b\u0113rnu un notikumu p\u0101rrun\u0101\u0161ana, sp\u0113jas \u013caut b\u0113rnam &#171;izaugt&#187; atbild\u012bb\u0101, izpratn\u0113 par mijiedarb\u012bbu utt. Mums ir pieredze darb\u0101 ar j\u016bsu att\u012bst\u012bbas centru.<br \/><strong>Be\u0101ta <\/strong><\/span><span style=\"font-family: helvetica, arial, sans-serif; font-size: 11pt;\">Alises m\u0101te<br \/><\/span><br \/><span style=\"font-family: helvetica, arial, sans-serif; font-size: 11pt;\">Vec\u0101kais br\u0101lis ir bijis pie jums daudz rei\u017eu. Dens dodas pirmo reizi, un es piln\u012bgi p\u0101rliecin\u0101ta, ka tas b\u016bs \u013coti pozit\u012bvs un lietder\u012bgs pieredzes posms.<br \/><strong>Ekaterina <\/strong><\/span><span style=\"font-family: helvetica, arial, sans-serif; font-size: 11pt;\">Dena m\u0101te<br \/><\/span><br \/><span style=\"font-family: helvetica, arial, sans-serif; font-size: 11pt;\">Cer\u012bb\u0101, ka tas pal\u012bdz\u0113s p\u0101rvar\u0113t m\u0101jas gr\u016bt\u012bbas \u2013 datoru\/TV laiku, laika pl\u0101no\u0161anu, intereses, k\u0101rt\u012bbas uztur\u0113\u0161anu sav\u0101 istab\u0101, iesaisti un pal\u012bdz\u012bbu m\u0101jas darbos, konfliktiem\/sare\u017e\u0123\u012btu komunik\u0101ciju ar m\u0101su, slinkumu kust\u0113ties.<br \/><strong>Viktorija <\/strong><\/span><span style=\"font-family: helvetica, arial, sans-serif; font-size: 11pt;\">m\u0101te<\/span><\/p><p><span style=\"font-family: helvetica, arial, sans-serif; font-size: 11pt;\">&#171;T\u0101 bija m\u016bsu pirm\u0101 nometne un b\u0113rns palika \u013coti apmierin\u0101ts par pavad\u012bto laiku nometn\u0113. Liels jums paldies par br\u012bni\u0161\u0137\u012bgu atp\u016btu b\u0113rniem!!!&#187;<\/span><br \/><span style=\"font-family: helvetica, arial, sans-serif; font-size: 11pt;\"><strong>Olesja, mamma, Val\u0113rijai 8 gadi.<\/strong><\/span><\/p><p><span style=\"font-family: helvetica, arial, sans-serif; font-size: 11pt;\">&#171;Kad m\u0113s atbrauc\u0101m pie jums, man izklied\u0113j\u0101s visas \u0161aubas. Baid\u012bjos, ka meitai grib\u0113sies m\u0101j\u0101s. Tom\u0113r vi\u0146a pateica, ka n\u0101kamaj\u0101 gad\u0101 oblig\u0101ti atbrauks v\u0113lreiz &#8212; jau ar br\u0101li un draudzeni ;)&#187;<\/span><br \/><span style=\"font-size: 11pt; font-family: helvetica, arial, sans-serif;\"><strong>Rita, mamma, Lanai 9 gadi.<\/strong><\/span><\/p><p><span style=\"font-family: helvetica, arial, sans-serif; font-size: 11pt;\">&#171;Cien\u012bjam\u0101s d\u0101mas un kungi! \u013baujiet man pateikties Jums par man\u0113j\u0101 d\u0113la lielisko atp\u016btu! B\u0113rns atgriez\u0101s patst\u0101v\u012bg\u0101ks, atbild\u012bg\u0101ks un man\u0101mi pieaudzis. J\u016bs esat vienk\u0101r\u0161i burv\u012bgi!&#187;<\/span><br \/><span style=\"font-family: helvetica, arial, sans-serif; font-size: 11pt;\"><strong>Nat\u0101lija, mamma, Rostislavam 11 gadi.<\/strong><\/span><\/p><p><span style=\"font-family: helvetica, arial, sans-serif; font-size: 11pt;\">&#171;Daniils \u0161aj\u0101 nometn\u0113 atp\u016b\u0161as jau tr\u012bs gadus p\u0113c k\u0101rtas un katru reizi ar nepaciet\u012bbu gaida tik\u0161anos ar b\u0113rniem un audzin\u0101t\u0101jiem, jo tas ir jautri, interesanti un for\u0161i. No sevis piebilstu, ka vienm\u0113r nos\u016btu savu d\u0113lu j\u016bsu nometn\u0113 ar mier\u012bgu pr\u0101tu un sirdi.&#187;<\/span><br \/><span style=\"font-family: helvetica, arial, sans-serif; font-size: 11pt;\"><strong>Anna, mamma, Daniilam 12 gadi,<\/strong><\/span><\/p><p><span style=\"font-family: helvetica, arial, sans-serif; font-size: 11pt;\">&#171;Paldies par lielisku atp\u016btu d\u0113lam un aizraujo\u0161u laika pavad\u012b\u0161anu ar labumu vesel\u012bbai un person\u012bbas att\u012bst\u012bbai!&#187;<\/span><br \/><span style=\"font-family: helvetica, arial, sans-serif; font-size: 11pt;\"><strong>Svetlana, mamma, Vadimam 11 gadi.<\/strong><\/span><\/p><p><span style=\"font-family: helvetica, arial, sans-serif; font-size: 11pt;\">&#171;Paldies no manas b\u0113rnu par lieliski pavad\u012bto laiku un daudz pozit\u012bv\u0101m mirkl\u0113m!!! ;-)&#187;.<\/span><br \/><span style=\"font-family: helvetica, arial, sans-serif; font-size: 11pt;\"><strong>Irina, mamma, Nat\u0101lijai 11 gadi.<\/strong><\/span><\/p><\/div>\n\t\t\t\t<\/div>\n\t\t\t\t<\/div>\n\t\t\t\t\t\t<\/div>\n\t\t\t<\/div>\n\t\t<\/div>\n\t\t\t\t\t\t<\/div>\n\t\t\t<\/div>\n\t\t<\/section>\n\t\t\t\t\t\t<\/div>\n\t\t\t<\/div>\n\t\t<\/div>\n\t\t","protected":false},"excerpt":{"rendered":"<p>Vec\u0101ku atsauksmes par Centra darbu un iemesli, k\u0101p\u0113c vec\u0101ki izv\u0113las m\u016bsu nometnes un programmas Br\u012bni\u0161\u0137\u012bga komanda profesion\u0101\u013cu ar lielo burtu! Ja mekl\u0113jat vietu, kur j\u016bsu b\u0113rnam b\u016bs jautri, dro\u0161i un izgl\u012btojo\u0161i \u2013 tad \u0161eit ir \u012bst\u0101 vieta! Interesant\u0101 programma ne\u013cauj b\u0113rniem garlaikoties, nav ier\u012b\u010du (pat vakar\u0101!), att\u012bst\u0101s patst\u0101v\u012bbas un komunik\u0101cijas prasmes grup\u0101 \u2013 tas viss &hellip;<\/p>\n<p class=\"read-more\"> <a class=\"\" href=\"https:\/\/resurs.lv\/lv\/vecaku-atsauksmes\/\"> <span class=\"screen-reader-text\">Vec\u0101ku un klientu atsauksmes par b\u0113rnu att\u012bst\u012bbas centru \u201cResurss\u201d<\/span> \u0427\u0438\u0442\u0430\u0442\u044c \u043f\u043e\u043b\u043d\u043e\u0441\u0442\u044c\u044e &raquo;<\/a><\/p>\n","protected":false},"author":1,"featured_media":0,"parent":0,"menu_order":0,"comment_status":"closed","ping_status":"closed","template":"","meta":{"footnotes":""},"class_list":["post-1840","page","type-page","status-publish","hentry"],"_links":{"self":[{"href":"https:\/\/resurs.lv\/lv\/wp-json\/wp\/v2\/pages\/1840","targetHints":{"allow":["GET"]}}],"collection":[{"href":"https:\/\/resurs.lv\/lv\/wp-json\/wp\/v2\/pages"}],"about":[{"href":"https:\/\/resurs.lv\/lv\/wp-json\/wp\/v2\/types\/page"}],"author":[{"embeddable":true,"href":"https:\/\/resurs.lv\/lv\/wp-json\/wp\/v2\/users\/1"}],"replies":[{"embeddable":true,"href":"https:\/\/resurs.lv\/lv\/wp-json\/wp\/v2\/comments?post=1840"}],"version-history":[{"count":3,"href":"https:\/\/resurs.lv\/lv\/wp-json\/wp\/v2\/pages\/1840\/revisions"}],"predecessor-version":[{"id":1844,"href":"https:\/\/resurs.lv\/lv\/wp-json\/wp\/v2\/pages\/1840\/revisions\/1844"}],"wp:attachment":[{"href":"https:\/\/resurs.lv\/lv\/wp-json\/wp\/v2\/media?parent=1840"}],"curies":[{"name":"wp","href":"https:\/\/api.w.org\/{rel}","templated":true}]}}