{"id":69,"date":"2018-11-20T19:51:44","date_gmt":"2018-11-20T19:51:44","guid":{"rendered":"http:\/\/resurs.lv\/lv\/?page_id=69"},"modified":"2025-04-02T12:00:35","modified_gmt":"2025-04-02T09:00:35","slug":"kontakti","status":"publish","type":"page","link":"https:\/\/resurs.lv\/lv\/kontakti\/","title":{"rendered":"Kontakti"},"content":{"rendered":"\t\t<div class=\"elementor elementor-69\">\n\t\t\t<div class=\"elementor-inner\">\n\t\t\t\t<div class=\"elementor-section-wrap\">\n\t\t\t\t\t\t\t<section data-id=\"6a7b1a7\" class=\"elementor-element elementor-element-6a7b1a7 elementor-section-height-min-height elementor-section-content-middle elementor-section-boxed elementor-section-height-default elementor-section-items-middle elementor-section elementor-top-section\" data-settings=\"{&quot;background_background&quot;:&quot;classic&quot;}\" data-element_type=\"section\">\n\t\t\t\t\t\t\t<div class=\"elementor-background-overlay\"><\/div>\n\t\t\t\t\t\t\t<div class=\"elementor-container elementor-column-gap-no\">\n\t\t\t\t<div class=\"elementor-row\">\n\t\t\t\t<div data-id=\"660d9c9\" class=\"elementor-element elementor-element-660d9c9 elementor-column elementor-col-100 elementor-top-column\" data-element_type=\"column\">\n\t\t\t<div class=\"elementor-column-wrap elementor-element-populated\">\n\t\t\t\t\t<div class=\"elementor-widget-wrap\">\n\t\t\t\t<div data-id=\"31d6381\" class=\"elementor-element elementor-element-31d6381 elementor-widget elementor-widget-text-editor\" data-element_type=\"text-editor.default\">\n\t\t\t\t<div class=\"elementor-widget-container\">\n\t\t\t\t\t<div class=\"elementor-text-editor elementor-clearfix\"><p>B\u0113rnu att\u012bst\u012bbas, \u0123imenes un person\u012bbas centrs &#171;Resurss&#187;<\/p><\/div>\n\t\t\t\t<\/div>\n\t\t\t\t<\/div>\n\t\t\t\t\t\t<\/div>\n\t\t\t<\/div>\n\t\t<\/div>\n\t\t\t\t\t\t<\/div>\n\t\t\t<\/div>\n\t\t<\/section>\n\t\t\t\t<section data-id=\"3cdef7f\" class=\"elementor-element elementor-element-3cdef7f elementor-section-boxed elementor-section-height-default elementor-section-height-default elementor-section elementor-top-section\" data-element_type=\"section\">\n\t\t\t\t\t\t<div class=\"elementor-container elementor-column-gap-default\">\n\t\t\t\t<div class=\"elementor-row\">\n\t\t\t\t<div data-id=\"651534f\" class=\"elementor-element elementor-element-651534f elementor-column elementor-col-100 elementor-top-column\" data-element_type=\"column\">\n\t\t\t<div class=\"elementor-column-wrap elementor-element-populated\">\n\t\t\t\t\t<div class=\"elementor-widget-wrap\">\n\t\t\t\t<div data-id=\"6904686\" class=\"elementor-element elementor-element-6904686 elementor-widget elementor-widget-google_maps\" data-element_type=\"google_maps.default\">\n\t\t\t\t<div class=\"elementor-widget-container\">\n\t\t\t<div class=\"elementor-custom-embed\"><iframe frameborder=\"0\" scrolling=\"no\" marginheight=\"0\" marginwidth=\"0\" src=\"https:\/\/maps.google.com\/maps?q=Artil%C4%93rijas%20iela%2053%2C%20Latgales%20priek%C5%A1pils%C4%93ta%2C%20R%C4%ABga%2C%20LV-1009&amp;t=m&amp;z=15&amp;output=embed&amp;iwloc=near\" aria-label=\"Artil\u0113rijas iela 53, Latgales priek\u0161pils\u0113ta, R\u012bga, LV-1009\"><\/iframe><\/div>\t\t<\/div>\n\t\t\t\t<\/div>\n\t\t\t\t\t\t<\/div>\n\t\t\t<\/div>\n\t\t<\/div>\n\t\t\t\t\t\t<\/div>\n\t\t\t<\/div>\n\t\t<\/section>\n\t\t\t\t<section data-id=\"22ba674\" class=\"elementor-element elementor-element-22ba674 elementor-section-boxed elementor-section-height-default elementor-section-height-default elementor-section elementor-top-section\" data-element_type=\"section\">\n\t\t\t\t\t\t<div class=\"elementor-container elementor-column-gap-default\">\n\t\t\t\t<div class=\"elementor-row\">\n\t\t\t\t<div data-id=\"f89cf91\" class=\"elementor-element elementor-element-f89cf91 elementor-column elementor-col-100 elementor-top-column\" data-element_type=\"column\">\n\t\t\t<div class=\"elementor-column-wrap elementor-element-populated\">\n\t\t\t\t\t<div class=\"elementor-widget-wrap\">\n\t\t\t\t<div data-id=\"d0a9b41\" class=\"elementor-element elementor-element-d0a9b41 elementor-widget elementor-widget-text-editor\" data-element_type=\"text-editor.default\">\n\t\t\t\t<div class=\"elementor-widget-container\">\n\t\t\t\t\t<div class=\"elementor-text-editor elementor-clearfix\"><p style=\"text-align: center;\"><span style=\"font-family: helvetica, arial, sans-serif; font-size: 12pt;\"><strong>Kontaktu t\u0101lru\u0146i:<\/strong><\/span><br \/><span style=\"font-family: helvetica, arial, sans-serif; font-size: 12pt;\">+371 24889955<\/span><\/p><p style=\"text-align: center;\"><span style=\"font-family: helvetica, arial, sans-serif; font-size: 12pt;\"><strong>E-pasts:<\/strong><\/span><br \/><span style=\"text-decoration: underline;\"><span style=\"font-family: helvetica, arial, sans-serif; font-size: 12pt;\"><a href=\"mailto:resurscentrs@gmail.com\" target=\"_blank\" rel=\"noopener\">resurscentrs@gmail.com<\/a><\/span><\/span><\/p><p style=\"text-align: center;\"><span style=\"font-family: helvetica, arial, sans-serif; font-size: 12pt;\"><strong>Bankas dati:<br \/><\/strong><\/span><span style=\"font-size: 12pt; font-family: helvetica, arial, sans-serif;\">SIA &#171;VINRU&#187;\u00a0<\/span><br \/><span style=\"font-size: 12pt; font-family: helvetica, arial, sans-serif;\">Reg. Nr.: 40103167488<\/span><br \/><span style=\"font-size: 12pt; font-family: helvetica, arial, sans-serif;\">\u041d\u043e\u043c\u0435\u0440 \u0441\u0447\u0451\u0442\u0430 (Swedbank): LV98HABA0551020775071\u200b<\/span><br \/><span style=\"font-size: 12pt; font-family: helvetica, arial, sans-serif;\">\u0410\u0434\u0440\u0435\u0441: Artil\u0113rijas\u00a053-1,\u00a0 LV-1009, R\u012bga, Latvija<\/span><\/p><\/div>\n\t\t\t\t<\/div>\n\t\t\t\t<\/div>\n\t\t\t\t\t\t<\/div>\n\t\t\t<\/div>\n\t\t<\/div>\n\t\t\t\t\t\t<\/div>\n\t\t\t<\/div>\n\t\t<\/section>\n\t\t\t\t\t\t<\/div>\n\t\t\t<\/div>\n\t\t<\/div>\n\t\t","protected":false},"excerpt":{"rendered":"<p>B\u0113rnu att\u012bst\u012bbas, \u0123imenes un person\u012bbas centrs &#171;Resurss&#187; Kontaktu t\u0101lru\u0146i:+371 24889955 E-pasts:resurscentrs@gmail.com Bankas dati:SIA &#171;VINRU&#187;\u00a0Reg. Nr.: 40103167488\u041d\u043e\u043c\u0435\u0440 \u0441\u0447\u0451\u0442\u0430 (Swedbank): LV98HABA0551020775071\u200b\u0410\u0434\u0440\u0435\u0441: Artil\u0113rijas\u00a053-1,\u00a0 LV-1009, R\u012bga, Latvija<\/p>\n","protected":false},"author":1,"featured_media":0,"parent":0,"menu_order":0,"comment_status":"closed","ping_status":"closed","template":"","meta":{"footnotes":""},"class_list":["post-69","page","type-page","status-publish","hentry"],"_links":{"self":[{"href":"https:\/\/resurs.lv\/lv\/wp-json\/wp\/v2\/pages\/69","targetHints":{"allow":["GET"]}}],"collection":[{"href":"https:\/\/resurs.lv\/lv\/wp-json\/wp\/v2\/pages"}],"about":[{"href":"https:\/\/resurs.lv\/lv\/wp-json\/wp\/v2\/types\/page"}],"author":[{"embeddable":true,"href":"https:\/\/resurs.lv\/lv\/wp-json\/wp\/v2\/users\/1"}],"replies":[{"embeddable":true,"href":"https:\/\/resurs.lv\/lv\/wp-json\/wp\/v2\/comments?post=69"}],"version-history":[{"count":45,"href":"https:\/\/resurs.lv\/lv\/wp-json\/wp\/v2\/pages\/69\/revisions"}],"predecessor-version":[{"id":1691,"href":"https:\/\/resurs.lv\/lv\/wp-json\/wp\/v2\/pages\/69\/revisions\/1691"}],"wp:attachment":[{"href":"https:\/\/resurs.lv\/lv\/wp-json\/wp\/v2\/media?parent=69"}],"curies":[{"name":"wp","href":"https:\/\/api.w.org\/{rel}","templated":true}]}}