{"id":774,"date":"2019-02-14T04:55:06","date_gmt":"2019-02-14T04:55:06","guid":{"rendered":"http:\/\/resurs.lv\/lv\/erp-subscription\/"},"modified":"2026-02-09T11:49:25","modified_gmt":"2026-02-09T09:49:25","slug":"nodoklu-atmaksa","status":"publish","type":"page","link":"https:\/\/resurs.lv\/lv\/nodoklu-atmaksa\/","title":{"rendered":"25,5% Nodok\u013cu Atmaksa par B\u0113rnu Vasaras Nometnes Izdevumiem"},"content":{"rendered":"\t\t<div class=\"elementor elementor-774\">\n\t\t\t<div class=\"elementor-inner\">\n\t\t\t\t<div class=\"elementor-section-wrap\">\n\t\t\t\t\t\t\t<section data-id=\"f8c178c\" class=\"elementor-element elementor-element-f8c178c elementor-section-boxed elementor-section-height-default elementor-section-height-default elementor-section elementor-top-section\" data-element_type=\"section\">\n\t\t\t\t\t\t<div class=\"elementor-container elementor-column-gap-default\">\n\t\t\t\t<div class=\"elementor-row\">\n\t\t\t\t<div data-id=\"fc08e50\" class=\"elementor-element elementor-element-fc08e50 elementor-column elementor-col-100 elementor-top-column\" data-element_type=\"column\">\n\t\t\t<div class=\"elementor-column-wrap elementor-element-populated\">\n\t\t\t\t\t<div class=\"elementor-widget-wrap\">\n\t\t\t\t<div data-id=\"a83dc75\" class=\"elementor-element elementor-element-a83dc75 elementor-widget elementor-widget-spacer\" data-element_type=\"spacer.default\">\n\t\t\t\t<div class=\"elementor-widget-container\">\n\t\t\t\t\t<div class=\"elementor-spacer\">\n\t\t\t<div class=\"elementor-spacer-inner\"><\/div>\n\t\t<\/div>\n\t\t\t\t<\/div>\n\t\t\t\t<\/div>\n\t\t\t\t\t\t<\/div>\n\t\t\t<\/div>\n\t\t<\/div>\n\t\t\t\t\t\t<\/div>\n\t\t\t<\/div>\n\t\t<\/section>\n\t\t\t\t<section data-id=\"7368e02\" class=\"elementor-element elementor-element-7368e02 elementor-section-boxed elementor-section-height-default elementor-section-height-default elementor-section elementor-top-section\" data-element_type=\"section\">\n\t\t\t\t\t\t<div class=\"elementor-container elementor-column-gap-default\">\n\t\t\t\t<div class=\"elementor-row\">\n\t\t\t\t<div data-id=\"e5d67f7\" class=\"elementor-element elementor-element-e5d67f7 elementor-column elementor-col-100 elementor-top-column\" data-element_type=\"column\">\n\t\t\t<div class=\"elementor-column-wrap elementor-element-populated\">\n\t\t\t\t\t<div class=\"elementor-widget-wrap\">\n\t\t\t\t<div data-id=\"298ecd7\" class=\"elementor-element elementor-element-298ecd7 elementor-widget elementor-widget-heading\" data-element_type=\"heading.default\">\n\t\t\t\t<div class=\"elementor-widget-container\">\n\t\t\t<h1 class=\"elementor-heading-title elementor-size-large\">Sa\u0146emiet 25,5% atpaka\u013c no b\u0113rnu nometnes izmaks\u0101m!<\/h1>\t\t<\/div>\n\t\t\t\t<\/div>\n\t\t\t\t\t\t<\/div>\n\t\t\t<\/div>\n\t\t<\/div>\n\t\t\t\t\t\t<\/div>\n\t\t\t<\/div>\n\t\t<\/section>\n\t\t\t\t<section data-id=\"f5fc132\" class=\"elementor-element elementor-element-f5fc132 elementor-section-boxed elementor-section-height-default elementor-section-height-default elementor-section elementor-top-section\" data-element_type=\"section\">\n\t\t\t\t\t\t<div class=\"elementor-container elementor-column-gap-default\">\n\t\t\t\t<div class=\"elementor-row\">\n\t\t\t\t<div data-id=\"e9f430a\" class=\"elementor-element elementor-element-e9f430a elementor-column elementor-col-100 elementor-top-column\" data-element_type=\"column\">\n\t\t\t<div class=\"elementor-column-wrap elementor-element-populated\">\n\t\t\t\t\t<div class=\"elementor-widget-wrap\">\n\t\t\t\t<div data-id=\"fc1157c\" class=\"elementor-element elementor-element-fc1157c elementor-widget elementor-widget-text-editor\" data-element_type=\"text-editor.default\">\n\t\t\t\t<div class=\"elementor-widget-container\">\n\t\t\t\t\t<div class=\"elementor-text-editor elementor-clearfix\"><p style=\"text-align: center;\"><span style=\"font-family: helvetica, arial, sans-serif; font-size: 12pt;\"><strong>Cien\u012bjamie vec\u0101ki, mums ir labas zi\u0146as! J\u016bs varat sa\u0146emt 20% no <span style=\"text-decoration: underline;\">&#171;<a href=\"https:\/\/resurs.lv\/lv\/vasaras-nometnes\/\">Resursa&#187; nometnes<\/a><\/span> izmaks\u0101m, iesniedzot nodok\u013cu deklar\u0101ciju VID (tas attiecas ar\u012b uz m\u016bsu programmu &#171;<a href=\"https:\/\/resurs.lv\/lv\/turus-pluss-berniem\/\"><span style=\"text-decoration: underline;\">TURUS Plus<\/span><\/a>&#171;).<\/strong><\/span><\/p><p><span style=\"font-family: helvetica, arial, sans-serif; font-size: 12pt;\">Saska\u0146\u0101 ar sp\u0113k\u0101 eso\u0161o likumdo\u0161anu (Likuma par iedz\u012bvot\u0101ju ien\u0101kuma nodok\u013ca 10. pants) jums ir ties\u012bbas sa\u0146emt nodok\u013cu atlaidi 20% apm\u0113r\u0101 no b\u0113rnu nometnes izmaks\u0101m. Aizpildot gada ien\u0101kumu deklar\u0101ciju, sada\u013c\u0101 &#171;Attaisnotie izdevumi&#187; pievienojiet r\u0113\u0137inu un maks\u0101jumu uzdevumu par b\u0113rnu nometnes samaksu.<\/span><\/p><p style=\"text-align: center;\"><strong><span style=\"font-family: helvetica, arial, sans-serif; font-size: 12pt;\">L\u016bk, k\u0101 soli pa solim atg\u016bt nodok\u013cus par nometnes samaksu:<\/span><\/strong><\/p><ol start=\"1\"><li><p><span style=\"font-family: helvetica, arial, sans-serif; font-size: 12pt;\"><strong>Sav\u0101ciet dokumentus:<\/strong> P\u0101rliecinieties, ka jums ir l\u012bgums un maks\u0101jumu uzdevums par b\u0113rnu nometnes samaksu. \u0160ie dokumenti b\u016bs nepiecie\u0161ami, lai apstiprin\u0101tu j\u016bsu izdevumus.<\/span><\/p><\/li><li><p><span style=\"font-family: helvetica, arial, sans-serif; font-size: 12pt;\"><strong>Aizpildiet Gada ien\u0101kumu deklar\u0101ciju:<\/strong> Jums j\u0101iesniedz gada ien\u0101kumu deklar\u0101cija. Parasti to var izdar\u012bt tie\u0161saist\u0113, izmantojot EDS (Elektronisk\u0101 Deklar\u0113\u0161anas Sist\u0113ma) VID m\u0101jaslap\u0101.<\/span><\/p><\/li><li><p><span style=\"font-family: helvetica, arial, sans-serif; font-size: 12pt;\"><strong>Sada\u013ca &#171;Attaisnotie izdevumi&#187;:<\/strong> Deklar\u0101cij\u0101 atrodiet sada\u013cu &#171;Attaisnotie izdevumi&#187;. \u0160\u012b ir sada\u013ca, kur\u0101 varat nor\u0101d\u012bt izdevumus, par kuriem pien\u0101kas nodok\u013cu atlaide.<\/span><\/p><\/li><li><p><span style=\"font-family: helvetica, arial, sans-serif; font-size: 12pt;\"><strong>Pievienojiet inform\u0101ciju:<\/strong> \u0160aj\u0101 sada\u013c\u0101 pievienojiet inform\u0101ciju par saviem izdevumiem b\u0113rnu nometnei. Jums b\u016bs j\u0101nor\u0101da nometnes izmaksu summa un pievienojiet r\u0113\u0137inu un maks\u0101jumu uzdevumu k\u0101 apliecino\u0161us dokumentus.<\/span><\/p><\/li><li><p><span style=\"font-family: helvetica, arial, sans-serif; font-size: 12pt;\"><strong>Apr\u0113\u0137iniet atlaidi:<\/strong> Nodok\u013cu dienests p\u0101rbaud\u012bs j\u016bsu dokumentus un apr\u0113\u0137in\u0101s nodok\u013cu atlaidi. J\u016bs sa\u0146emsiet 20% no b\u0113rnu nometnes izmaks\u0101m.<\/span><\/p><\/li><li><p><span style=\"font-family: helvetica, arial, sans-serif; font-size: 12pt;\"><strong>Sa\u0146emiet atlaidi:<\/strong> P\u0113c j\u016bsu dokumentu p\u0101rbaudes un apr\u0113\u0137ina, nodok\u013cu dienests jums atgriez\u012bs pien\u0101ko\u0161os nodok\u013cu summu.<\/span><\/p><\/li><\/ol><p style=\"text-align: center;\"><span style=\"font-family: helvetica, arial, sans-serif; font-size: 12pt;\">Un tas ar\u012b viss! Ja jums rodas jaut\u0101jumi deklar\u0101cijas aizpild\u012b\u0161anas proces\u0101, vienm\u0113r varat sazin\u0101ties ar nodok\u013cu konsultantu vai Valsts ie\u0146\u0113mumu dienestu (VID) p\u0113c pal\u012bdz\u012bbas. <\/span><\/p><p style=\"text-align: center;\"><strong><span style=\"font-family: helvetica, arial, sans-serif; font-size: 12pt;\">Veiksmi!<\/span><\/strong><\/p><\/div>\n\t\t\t\t<\/div>\n\t\t\t\t<\/div>\n\t\t\t\t\t\t<\/div>\n\t\t\t<\/div>\n\t\t<\/div>\n\t\t\t\t\t\t<\/div>\n\t\t\t<\/div>\n\t\t<\/section>\n\t\t\t\t\t\t<\/div>\n\t\t\t<\/div>\n\t\t<\/div>\n\t\t","protected":false},"excerpt":{"rendered":"<p>Sa\u0146emiet 25,5% atpaka\u013c no b\u0113rnu nometnes izmaks\u0101m! Cien\u012bjamie vec\u0101ki, mums ir labas zi\u0146as! J\u016bs varat sa\u0146emt 20% no &#171;Resursa&#187; nometnes izmaks\u0101m, iesniedzot nodok\u013cu deklar\u0101ciju VID (tas attiecas ar\u012b uz m\u016bsu programmu &#171;TURUS Plus&#171;). Saska\u0146\u0101 ar sp\u0113k\u0101 eso\u0161o likumdo\u0161anu (Likuma par iedz\u012bvot\u0101ju ien\u0101kuma nodok\u013ca 10. pants) jums ir ties\u012bbas sa\u0146emt nodok\u013cu atlaidi 20% apm\u0113r\u0101 no b\u0113rnu &hellip;<\/p>\n<p class=\"read-more\"> <a class=\"\" href=\"https:\/\/resurs.lv\/lv\/nodoklu-atmaksa\/\"> <span class=\"screen-reader-text\">25,5% Nodok\u013cu Atmaksa par B\u0113rnu Vasaras Nometnes Izdevumiem<\/span> \u0427\u0438\u0442\u0430\u0442\u044c \u043f\u043e\u043b\u043d\u043e\u0441\u0442\u044c\u044e &raquo;<\/a><\/p>\n","protected":false},"author":1,"featured_media":0,"parent":0,"menu_order":0,"comment_status":"closed","ping_status":"closed","template":"","meta":{"footnotes":""},"class_list":["post-774","page","type-page","status-publish","hentry"],"_links":{"self":[{"href":"https:\/\/resurs.lv\/lv\/wp-json\/wp\/v2\/pages\/774","targetHints":{"allow":["GET"]}}],"collection":[{"href":"https:\/\/resurs.lv\/lv\/wp-json\/wp\/v2\/pages"}],"about":[{"href":"https:\/\/resurs.lv\/lv\/wp-json\/wp\/v2\/types\/page"}],"author":[{"embeddable":true,"href":"https:\/\/resurs.lv\/lv\/wp-json\/wp\/v2\/users\/1"}],"replies":[{"embeddable":true,"href":"https:\/\/resurs.lv\/lv\/wp-json\/wp\/v2\/comments?post=774"}],"version-history":[{"count":9,"href":"https:\/\/resurs.lv\/lv\/wp-json\/wp\/v2\/pages\/774\/revisions"}],"predecessor-version":[{"id":1805,"href":"https:\/\/resurs.lv\/lv\/wp-json\/wp\/v2\/pages\/774\/revisions\/1805"}],"wp:attachment":[{"href":"https:\/\/resurs.lv\/lv\/wp-json\/wp\/v2\/media?parent=774"}],"curies":[{"name":"wp","href":"https:\/\/api.w.org\/{rel}","templated":true}]}}